{"id":4695,"date":"2025-12-03T22:33:59","date_gmt":"2025-12-03T22:33:59","guid":{"rendered":"https:\/\/linsa.com.mx\/?page_id=4695"},"modified":"2025-12-03T23:50:32","modified_gmt":"2025-12-03T23:50:32","slug":"gracias-servicio","status":"publish","type":"page","link":"https:\/\/linsa.com.mx\/en\/gracias-servicio\/","title":{"rendered":"gracias-servicio"},"content":{"rendered":"<div data-elementor-type=\"wp-page\" data-elementor-id=\"4695\" class=\"elementor elementor-4695\">\n\t\t\t\t<div class=\"elementor-element elementor-element-a306f43 e-flex e-con-boxed e-con e-parent\" data-id=\"a306f43\" data-element_type=\"container\" data-e-type=\"container\">\n\t\t\t\t\t<div class=\"e-con-inner\">\n\t\t\t\t<div class=\"elementor-element elementor-element-fddb3a3 elementor-widget__width-initial elementor-widget elementor-widget-heading\" data-id=\"fddb3a3\" data-element_type=\"widget\" data-e-type=\"widget\" data-widget_type=\"heading.default\">\n\t\t\t\t<div class=\"elementor-widget-container\">\n\t\t\t\t\t<h2 class=\"elementor-heading-title elementor-size-default\">Your request has been sent successfully!<\/h2>\t\t\t\t<\/div>\n\t\t\t\t<\/div>\n\t\t\t\t<div class=\"elementor-element elementor-element-c1dcadd elementor-widget__width-initial elementor-widget elementor-widget-text-editor\" data-id=\"c1dcadd\" data-element_type=\"widget\" data-e-type=\"widget\" data-widget_type=\"text-editor.default\">\n\t\t\t\t<div class=\"elementor-widget-container\">\n\t\t\t\t\t\t\t\t\t<p>Our team will review your information and contact you soon to continue the process.<\/p><p>You can follow up through our Whatsapp channel.<\/p>\t\t\t\t\t\t\t\t<\/div>\n\t\t\t\t<\/div>\n\t\t\t\t<div class=\"elementor-element elementor-element-6e544b1 elementor-widget elementor-widget-button\" data-id=\"6e544b1\" data-element_type=\"widget\" data-e-type=\"widget\" data-widget_type=\"button.default\">\n\t\t\t\t<div class=\"elementor-widget-container\">\n\t\t\t\t\t\t\t\t\t<div class=\"elementor-button-wrapper\">\n\t\t\t\t\t<a class=\"elementor-button elementor-button-link elementor-size-sm\" href=\"https:\/\/api.whatsapp.com\/send?phone=522228290026\">\n\t\t\t\t\t\t<span class=\"elementor-button-content-wrapper\">\n\t\t\t\t\t\t<span class=\"elementor-button-icon\">\n\t\t\t\t<svg aria-hidden=\"true\" class=\"e-font-icon-svg e-fab-whatsapp\" viewbox=\"0 0 448 512\" xmlns=\"http:\/\/www.w3.org\/2000\/svg\"><path d=\"M380.9 97.1C339 55.1 283.2 32 223.9 32c-122.4 0-222 99.6-222 222 0 39.1 10.2 77.3 29.6 111L0 480l117.7-30.9c32.4 17.7 68.9 27 106.1 27h.1c122.3 0 224.1-99.6 224.1-222 0-59.3-25.2-115-67.1-157zm-157 341.6c-33.2 0-65.7-8.9-94-25.7l-6.7-4-69.8 18.3L72 359.2l-4.4-7c-18.5-29.4-28.2-63.3-28.2-98.2 0-101.7 82.8-184.5 184.6-184.5 49.3 0 95.6 19.2 130.4 54.1 34.8 34.9 56.2 81.2 56.1 130.5 0 101.8-84.9 184.6-186.6 184.6zm101.2-138.2c-5.5-2.8-32.8-16.2-37.9-18-5.1-1.9-8.8-2.8-12.5 2.8-3.7 5.6-14.3 18-17.6 21.8-3.2 3.7-6.5 4.2-12 1.4-32.6-16.3-54-29.1-75.5-66-5.7-9.8 5.7-9.1 16.3-30.3 1.8-3.7.9-6.9-.5-9.7-1.4-2.8-12.5-30.1-17.1-41.2-4.5-10.8-9.1-9.3-12.5-9.5-3.2-.2-6.9-.2-10.6-.2-3.7 0-9.7 1.4-14.8 6.9-5.1 5.6-19.4 19-19.4 46.3 0 27.3 19.9 53.7 22.6 57.4 2.8 3.7 39.1 59.7 94.8 83.8 35.2 15.2 49 16.5 66.6 13.9 10.7-1.6 32.8-13.4 37.4-26.4 4.6-13 4.6-24.1 3.2-26.4-1.3-2.5-5-3.9-10.5-6.6z\"><\/path><\/svg>\t\t\t<\/span>\n\t\t\t\t\t\t\t\t\t<span class=\"elementor-button-text\">Follow up<\/span>\n\t\t\t\t\t<\/span>\n\t\t\t\t\t<\/a>\n\t\t\t\t<\/div>\n\t\t\t\t\t\t\t\t<\/div>\n\t\t\t\t<\/div>\n\t\t\t\t\t<\/div>\n\t\t\t\t<\/div>\n\t\t\t\t<\/div>","protected":false},"excerpt":{"rendered":"<p>\u00a1Tu solicitud ha sido enviada correctamente! Nuestro equipo revisar\u00e1 tu informaci\u00f3n y te contactar\u00e1 pronto para continuar con el proceso. [&hellip;]<\/p>\n","protected":false},"author":1,"featured_media":0,"parent":0,"menu_order":0,"comment_status":"closed","ping_status":"closed","template":"","meta":{"site-sidebar-layout":"no-sidebar","site-content-layout":"","ast-site-content-layout":"full-width-container","site-content-style":"default","site-sidebar-style":"default","ast-global-header-display":"","ast-banner-title-visibility":"","ast-main-header-display":"","ast-hfb-above-header-display":"","ast-hfb-below-header-display":"","ast-hfb-mobile-header-display":"","site-post-title":"disabled","ast-breadcrumbs-content":"","ast-featured-img":"disabled","footer-sml-layout":"","theme-transparent-header-meta":"","adv-header-id-meta":"","stick-header-meta":"","header-above-stick-meta":"","header-main-stick-meta":"","header-below-stick-meta":"","astra-migrate-meta-layouts":"default","ast-page-background-enabled":"default","ast-page-background-meta":{"desktop":{"background-color":"var(--ast-global-color-4)","background-image":"","background-repeat":"repeat","background-position":"center center","background-size":"auto","background-attachment":"scroll","background-type":"","background-media":"","overlay-type":"","overlay-color":"","overlay-opacity":"","overlay-gradient":""},"tablet":{"background-color":"","background-image":"","background-repeat":"repeat","background-position":"center center","background-size":"auto","background-attachment":"scroll","background-type":"","background-media":"","overlay-type":"","overlay-color":"","overlay-opacity":"","overlay-gradient":""},"mobile":{"background-color":"","background-image":"","background-repeat":"repeat","background-position":"center center","background-size":"auto","background-attachment":"scroll","background-type":"","background-media":"","overlay-type":"","overlay-color":"","overlay-opacity":"","overlay-gradient":""}},"ast-content-background-meta":{"desktop":{"background-color":"var(--ast-global-color-5)","background-image":"","background-repeat":"repeat","background-position":"center center","background-size":"auto","background-attachment":"scroll","background-type":"","background-media":"","overlay-type":"","overlay-color":"","overlay-opacity":"","overlay-gradient":""},"tablet":{"background-color":"var(--ast-global-color-5)","background-image":"","background-repeat":"repeat","background-position":"center center","background-size":"auto","background-attachment":"scroll","background-type":"","background-media":"","overlay-type":"","overlay-color":"","overlay-opacity":"","overlay-gradient":""},"mobile":{"background-color":"var(--ast-global-color-5)","background-image":"","background-repeat":"repeat","background-position":"center center","background-size":"auto","background-attachment":"scroll","background-type":"","background-media":"","overlay-type":"","overlay-color":"","overlay-opacity":"","overlay-gradient":""}},"footnotes":""},"class_list":["post-4695","page","type-page","status-publish","hentry"],"yoast_head":"<!-- This site is optimized with the Yoast SEO plugin v26.4 - https:\/\/yoast.com\/wordpress\/plugins\/seo\/ -->\n<title>gracias-servicio - Linsa<\/title>\n<meta name=\"robots\" content=\"index, follow, max-snippet:-1, max-image-preview:large, max-video-preview:-1\" \/>\n<link rel=\"canonical\" href=\"https:\/\/linsa.com.mx\/en\/gracias-servicio\/\" \/>\n<meta property=\"og:locale\" content=\"en_US\" \/>\n<meta property=\"og:type\" content=\"article\" \/>\n<meta property=\"og:title\" content=\"gracias-servicio - Linsa\" \/>\n<meta property=\"og:description\" content=\"\u00a1Tu solicitud ha sido enviada correctamente! Nuestro equipo revisar\u00e1 tu informaci\u00f3n y te contactar\u00e1 pronto para continuar con el proceso. [&hellip;]\" \/>\n<meta property=\"og:url\" content=\"https:\/\/linsa.com.mx\/en\/gracias-servicio\/\" \/>\n<meta property=\"og:site_name\" content=\"Linsa\" \/>\n<meta property=\"article:publisher\" content=\"https:\/\/www.facebook.com\/LinsaMX\/\" \/>\n<meta property=\"article:modified_time\" content=\"2025-12-03T23:50:32+00:00\" \/>\n<meta name=\"twitter:card\" content=\"summary_large_image\" \/>\n<meta name=\"twitter:site\" content=\"@LinsaMx\" \/>\n<meta name=\"twitter:label1\" content=\"Est. reading time\" \/>\n\t<meta name=\"twitter:data1\" content=\"1 minute\" \/>\n<script type=\"application\/ld+json\" class=\"yoast-schema-graph\">{\"@context\":\"https:\/\/schema.org\",\"@graph\":[{\"@type\":\"WebPage\",\"@id\":\"https:\/\/linsa.com.mx\/gracias-servicio\/\",\"url\":\"https:\/\/linsa.com.mx\/gracias-servicio\/\",\"name\":\"gracias-servicio - Linsa\",\"isPartOf\":{\"@id\":\"https:\/\/linsa.com.mx\/#website\"},\"datePublished\":\"2025-12-03T22:33:59+00:00\",\"dateModified\":\"2025-12-03T23:50:32+00:00\",\"breadcrumb\":{\"@id\":\"https:\/\/linsa.com.mx\/gracias-servicio\/#breadcrumb\"},\"inLanguage\":\"en-US\",\"potentialAction\":[{\"@type\":\"ReadAction\",\"target\":[\"https:\/\/linsa.com.mx\/gracias-servicio\/\"]}]},{\"@type\":\"BreadcrumbList\",\"@id\":\"https:\/\/linsa.com.mx\/gracias-servicio\/#breadcrumb\",\"itemListElement\":[{\"@type\":\"ListItem\",\"position\":1,\"name\":\"Portada\",\"item\":\"https:\/\/linsa.com.mx\/\"},{\"@type\":\"ListItem\",\"position\":2,\"name\":\"gracias-servicio\"}]},{\"@type\":\"WebSite\",\"@id\":\"https:\/\/linsa.com.mx\/#website\",\"url\":\"https:\/\/linsa.com.mx\/\",\"name\":\"Linsa\",\"description\":\"Limpieza Industrial y Comercial\",\"publisher\":{\"@id\":\"https:\/\/linsa.com.mx\/#organization\"},\"potentialAction\":[{\"@type\":\"SearchAction\",\"target\":{\"@type\":\"EntryPoint\",\"urlTemplate\":\"https:\/\/linsa.com.mx\/?s={search_term_string}\"},\"query-input\":{\"@type\":\"PropertyValueSpecification\",\"valueRequired\":true,\"valueName\":\"search_term_string\"}}],\"inLanguage\":\"en-US\"},{\"@type\":\"Organization\",\"@id\":\"https:\/\/linsa.com.mx\/#organization\",\"name\":\"Linsa\",\"url\":\"https:\/\/linsa.com.mx\/\",\"logo\":{\"@type\":\"ImageObject\",\"inLanguage\":\"en-US\",\"@id\":\"https:\/\/linsa.com.mx\/#\/schema\/logo\/image\/\",\"url\":\"https:\/\/linsa.com.mx\/wp-content\/uploads\/2024\/08\/Logo-linsa-header.png\",\"contentUrl\":\"https:\/\/linsa.com.mx\/wp-content\/uploads\/2024\/08\/Logo-linsa-header.png\",\"width\":338,\"height\":128,\"caption\":\"Linsa\"},\"image\":{\"@id\":\"https:\/\/linsa.com.mx\/#\/schema\/logo\/image\/\"},\"sameAs\":[\"https:\/\/www.facebook.com\/LinsaMX\/\",\"https:\/\/x.com\/LinsaMx\",\"https:\/\/www.youtube.com\/@linsa1986\",\"https:\/\/www.instagram.com\/linsamx\/\"]}]}<\/script>\n<!-- \/ Yoast SEO plugin. -->","yoast_head_json":{"title":"gracias-servicio - Linsa","robots":{"index":"index","follow":"follow","max-snippet":"max-snippet:-1","max-image-preview":"max-image-preview:large","max-video-preview":"max-video-preview:-1"},"canonical":"https:\/\/linsa.com.mx\/en\/gracias-servicio\/","og_locale":"en_US","og_type":"article","og_title":"gracias-servicio - Linsa","og_description":"\u00a1Tu solicitud ha sido enviada correctamente! Nuestro equipo revisar\u00e1 tu informaci\u00f3n y te contactar\u00e1 pronto para continuar con el proceso. [&hellip;]","og_url":"https:\/\/linsa.com.mx\/en\/gracias-servicio\/","og_site_name":"Linsa","article_publisher":"https:\/\/www.facebook.com\/LinsaMX\/","article_modified_time":"2025-12-03T23:50:32+00:00","twitter_card":"summary_large_image","twitter_site":"@LinsaMx","twitter_misc":{"Est. reading time":"1 minute"},"schema":{"@context":"https:\/\/schema.org","@graph":[{"@type":"WebPage","@id":"https:\/\/linsa.com.mx\/gracias-servicio\/","url":"https:\/\/linsa.com.mx\/gracias-servicio\/","name":"gracias-servicio - Linsa","isPartOf":{"@id":"https:\/\/linsa.com.mx\/#website"},"datePublished":"2025-12-03T22:33:59+00:00","dateModified":"2025-12-03T23:50:32+00:00","breadcrumb":{"@id":"https:\/\/linsa.com.mx\/gracias-servicio\/#breadcrumb"},"inLanguage":"en-US","potentialAction":[{"@type":"ReadAction","target":["https:\/\/linsa.com.mx\/gracias-servicio\/"]}]},{"@type":"BreadcrumbList","@id":"https:\/\/linsa.com.mx\/gracias-servicio\/#breadcrumb","itemListElement":[{"@type":"ListItem","position":1,"name":"Portada","item":"https:\/\/linsa.com.mx\/"},{"@type":"ListItem","position":2,"name":"gracias-servicio"}]},{"@type":"WebSite","@id":"https:\/\/linsa.com.mx\/#website","url":"https:\/\/linsa.com.mx\/","name":"Linsa","description":"Limpieza Industrial y Comercial","publisher":{"@id":"https:\/\/linsa.com.mx\/#organization"},"potentialAction":[{"@type":"SearchAction","target":{"@type":"EntryPoint","urlTemplate":"https:\/\/linsa.com.mx\/?s={search_term_string}"},"query-input":{"@type":"PropertyValueSpecification","valueRequired":true,"valueName":"search_term_string"}}],"inLanguage":"en-US"},{"@type":"Organization","@id":"https:\/\/linsa.com.mx\/#organization","name":"Linsa","url":"https:\/\/linsa.com.mx\/","logo":{"@type":"ImageObject","inLanguage":"en-US","@id":"https:\/\/linsa.com.mx\/#\/schema\/logo\/image\/","url":"https:\/\/linsa.com.mx\/wp-content\/uploads\/2024\/08\/Logo-linsa-header.png","contentUrl":"https:\/\/linsa.com.mx\/wp-content\/uploads\/2024\/08\/Logo-linsa-header.png","width":338,"height":128,"caption":"Linsa"},"image":{"@id":"https:\/\/linsa.com.mx\/#\/schema\/logo\/image\/"},"sameAs":["https:\/\/www.facebook.com\/LinsaMX\/","https:\/\/x.com\/LinsaMx","https:\/\/www.youtube.com\/@linsa1986","https:\/\/www.instagram.com\/linsamx\/"]}]}},"_links":{"self":[{"href":"https:\/\/linsa.com.mx\/en\/wp-json\/wp\/v2\/pages\/4695","targetHints":{"allow":["GET"]}}],"collection":[{"href":"https:\/\/linsa.com.mx\/en\/wp-json\/wp\/v2\/pages"}],"about":[{"href":"https:\/\/linsa.com.mx\/en\/wp-json\/wp\/v2\/types\/page"}],"author":[{"embeddable":true,"href":"https:\/\/linsa.com.mx\/en\/wp-json\/wp\/v2\/users\/1"}],"replies":[{"embeddable":true,"href":"https:\/\/linsa.com.mx\/en\/wp-json\/wp\/v2\/comments?post=4695"}],"version-history":[{"count":13,"href":"https:\/\/linsa.com.mx\/en\/wp-json\/wp\/v2\/pages\/4695\/revisions"}],"predecessor-version":[{"id":4720,"href":"https:\/\/linsa.com.mx\/en\/wp-json\/wp\/v2\/pages\/4695\/revisions\/4720"}],"wp:attachment":[{"href":"https:\/\/linsa.com.mx\/en\/wp-json\/wp\/v2\/media?parent=4695"}],"curies":[{"name":"wp","href":"https:\/\/api.w.org\/{rel}","templated":true}]}}